{"id":7,"date":"2014-02-18T14:17:37","date_gmt":"2014-02-18T14:17:37","guid":{"rendered":"http:\/\/seltronic.ro\/advertising\/?page_id=7"},"modified":"2015-04-09T12:36:13","modified_gmt":"2015-04-09T12:36:13","slug":"seltronic-avertising-solutions-despre-compania-noastra","status":"publish","type":"page","link":"https:\/\/seltronic.ro\/advertising\/seltronic-avertising-solutions-despre-compania-noastra\/","title":{"rendered":"Despre noi"},"content":{"rendered":"<p style=\"text-align: justify;\"><span style=\"font-family: Georgia, Palatino; font-size: medium;\">\u00a0 \u00a0<a href=\"http:\/\/seltronic.ro\/advertising\/wp-content\/uploads\/2014\/02\/despre-noi-seltronic-pic.png\"><img loading=\"lazy\" class=\" wp-image-249 alignleft\" src=\"http:\/\/seltronic.ro\/advertising\/wp-content\/uploads\/2014\/02\/despre-noi-seltronic-pic.png\" alt=\"despre noi seltronic pic\" width=\"448\" height=\"336\" srcset=\"https:\/\/seltronic.ro\/advertising\/wp-content\/uploads\/2014\/02\/despre-noi-seltronic-pic.png 640w, https:\/\/seltronic.ro\/advertising\/wp-content\/uploads\/2014\/02\/despre-noi-seltronic-pic-300x225.png 300w\" sizes=\"(max-width: 448px) 100vw, 448px\" \/><\/a> <\/span><span style=\"font-size: 12pt;\">Compania <strong>SELTRONIC<\/strong> are o experien\u021b\u0103 de mai bine de 10 ani \u00een domeniul publicit\u0103\u021bii, respectiv publicitate<strong> BTL<\/strong> \u0219i <strong>ATL,<\/strong> \u0219i este de mai bine de 5 ani membru <strong>PSI<\/strong> (Promotional Product Service Institute), organiza\u021bie profesional\u0103 interna\u021bional\u0103 care are ca membri produc\u0103tori, importatori \u0219i distribuitori de materiale \u0219i obiecte promotionale din intreaga lume, precum si membru <strong>APIIP<\/strong>, organiza\u021bie na\u021bional\u0103 de profil ce cuprinde de asemenea producatori, importatori \u0219i distributori de obiecte promo\u021bionale din Romania. Apartenen\u021ba la aceste organiza\u021bii de profil ne asigura accesul foarte bun si rapid la intreaga baz\u0103 de furnizori at\u00e2t interni, c\u00e2t mai ales externi, colabor\u00e2nd pan\u0103 in prezent cu peste 150 de furnizori, cu mare parte dintre ei derul\u00e2nd deja leg\u0103turi comerciale sau parteneriale.<\/span><\/p>\r\n<hr \/>\r\n<p style=\"text-align: justify;\"><span style=\"font-size: 12pt;\">\u00a0 \u00a0Serviciile de crea\u021bie grafic\u0103 ale companiei noastre cuprind toate domeniile, dar ne axam in principal pe crea\u021bia grafic\u0103 pentru print (flyere, leaflet, volante, bro\u0219uri, mape de prezentare, cataloage etc.).\u00a0Deoarece calitatea este foarte important\u0103 pentru noi, pe lang\u0103 servicul de crea\u021bie grafica asigur\u0103m de asemenea preg\u0103tirea pentru tipar\/productie \u0219i urm\u0103rim lucrarile executate p\u00e2n\u0103 la finalizare. Pentru o calitate maxim\u0103 este de preferat ca produc\u021bia s\u0103 se faca cu produc\u0103torii recomanda\u021bi de c\u0103tre noi.<\/span><\/p>\r\n<hr \/>\r\n<p><span style=\"font-size: 12pt;\">\u00a0 \u00a0Compania <strong>SELTRONIC<\/strong> activeaz\u0103 in pia\u021ba ca importator direct de materiale promotionale, iar prin activitatea desfasurat\u0103, precum si prin proiectele propuse, ne adres\u0103m in mod prioritar companiilor cu profil medical \u0219i farmaceutic din Romania, venind \u00een special cu rezolv\u0103ri dedicate acestui segment, dar \u00een aceea\u0219i m\u0103sura, av\u00e2nd \u0219i solu\u021bii pentru companii de alt profil dec\u00e2t cele mentionate anterior<strong>.<\/strong><\/span><\/p>\r\n<p><span style=\"font-size: 12pt;\">\u00a0<\/span><\/p>\r\n<p>&nbsp;<\/p>\r\n<div class=\"csRow\">\r\n<div class=\"csColumn\" style=\"margin: 0px; padding: 0px; float: left; width: 100%;\" data-csstartpoint=\"0\" data-csendpoint=\"960\" data-cswidth=\"100%\" data-csid=\"5df40210-701f-5cb9-ab70-445962ce5a32\">\r\n<p>\u00a0<span style=\"color: #5a5a5a; font-size: 14px; font-family: 'Helvetica Neue', Helvetica, Arial, sans-serif; background-color: #fafafa;\"><div class=\"jbox gray\" style=\"border:4px solid #9d9d9d;background: -webkit-gradient(linear, left top, left bottom, from(#d8d8d8), to(#ffffff));background: -moz-linear-gradient(top, #d8d8d8, #ffffff);filter:  progid:DXImageTransform.Microsoft.gradient(startColorstr='#d8d8d8', endColorstr='#ffffff');-webkit-box-shadow: 7px 7px 9px rgba(0,0,0,.15);-moz-box-shadow: 7px 7px 9px rgba(0,0,0,.15);box-shadow: 7px 7px 9px rgba(0,0,0,.15);\"><div  class=\"jbox-content\"><strong><span style=\"font-size: medium;\"> V\u0103 invit\u0103m s\u0103 r\u0103sfoi\u021bi o parte din cataloagele noastre online \u0219i s\u0103 ne consulta\u021bi \/contacta\u021bi pentru oferte personalizate. <\/span><\/strong><a   class=\"jbutton blue medium  \" href=\"http:\/\/seltronic.ro\/advertising\/produse-cataloageseltronic\/\"><span style=\"\"><span style=\"font-size: large;\">Click aici<\/span><\/span><\/a><\/div><\/div><\/span><\/p>\r\n<\/div>\r\n<\/div>\r\n<div class=\"csRow\">\r\n<div class=\"csColumnGap\" style=\"margin: 0px; padding: 0px; float: left; width: 2.24%;\"><img style=\"border: none;\" src=\"http:\/\/seltronic.ro\/advertising\/wp-content\/plugins\/advanced-wp-columns\/assets\/js\/plugins\/views\/img\/1x1-pixel.png\" alt=\"\" \/><\/div>\r\n<div class=\"csColumnGap\" style=\"margin: 0px; padding: 0px; float: left; width: 6.25%;\"><img style=\"border: none;\" src=\"http:\/\/seltronic.ro\/advertising\/wp-content\/plugins\/advanced-wp-columns\/assets\/js\/plugins\/views\/img\/1x1-pixel.png\" alt=\"\" \/><\/div>\r\n<div style=\"clear: both; float: none; display: block; visibility: hidden; width: 0px; font-size: 0px; line-height: 0;\">\u00a0<\/div>\r\n<\/div>","protected":false},"excerpt":{"rendered":"\u00a0 \u00a0 Compania SELTRONIC are o experien\u021b\u0103 de mai bine de 10 ani \u00een domeniul publicit\u0103\u021bii, respectiv publicitate BTL \u0219i ATL, \u0219i este de mai bine de 5 ani membru PSI (Promotional Product Service Institute), organiza\u021bie profesional\u0103 interna\u021bional\u0103 care are ca membri produc\u0103tori, importatori \u0219i distribuitori de materiale \u0219i obiecte promotionale din intreaga lume, precum [&hellip;]","protected":false},"author":1,"featured_media":1079,"parent":0,"menu_order":0,"comment_status":"closed","ping_status":"closed","template":"","meta":[],"yoast_head":"<!-- This site is optimized with the Yoast SEO plugin v18.0 - https:\/\/yoast.com\/wordpress\/plugins\/seo\/ -->\n<title>Despre noi - Seltronic Advertising Solutions<\/title>\n<meta name=\"description\" content=\"Despre noi - Seltronic Advertising Solutions\" \/>\n<meta name=\"robots\" content=\"index, follow, max-snippet:-1, max-image-preview:large, max-video-preview:-1\" \/>\n<link rel=\"canonical\" href=\"https:\/\/seltronic.ro\/advertising\/seltronic-avertising-solutions-despre-compania-noastra\/\" \/>\n<meta property=\"og:locale\" content=\"ro_RO\" \/>\n<meta property=\"og:type\" content=\"article\" \/>\n<meta property=\"og:title\" content=\"Despre noi - Seltronic Advertising Solutions\" \/>\n<meta property=\"og:description\" content=\"Despre noi - Seltronic Advertising Solutions\" \/>\n<meta property=\"og:url\" content=\"https:\/\/seltronic.ro\/advertising\/seltronic-avertising-solutions-despre-compania-noastra\/\" \/>\n<meta property=\"og:site_name\" content=\"Seltronic Advertising Solutions\" \/>\n<meta property=\"article:modified_time\" content=\"2015-04-09T12:36:13+00:00\" \/>\n<meta property=\"og:image\" content=\"https:\/\/seltronic.ro\/advertising\/wp-content\/uploads\/2014\/02\/about-us1-2.jpg\" \/>\n\t<meta property=\"og:image:width\" content=\"653\" \/>\n\t<meta property=\"og:image:height\" content=\"334\" \/>\n\t<meta property=\"og:image:type\" content=\"image\/jpeg\" \/>\n<meta name=\"twitter:label1\" content=\"Timp estimat pentru citire\" \/>\n\t<meta name=\"twitter:data1\" content=\"2 minute\" \/>\n<script type=\"application\/ld+json\" class=\"yoast-schema-graph\">{\"@context\":\"https:\/\/schema.org\",\"@graph\":[{\"@type\":\"WebSite\",\"@id\":\"https:\/\/seltronic.ro\/advertising\/#website\",\"url\":\"https:\/\/seltronic.ro\/advertising\/\",\"name\":\"Seltronic Advertising Solutions\",\"description\":\"\",\"potentialAction\":[{\"@type\":\"SearchAction\",\"target\":{\"@type\":\"EntryPoint\",\"urlTemplate\":\"https:\/\/seltronic.ro\/advertising\/?s={search_term_string}\"},\"query-input\":\"required name=search_term_string\"}],\"inLanguage\":\"ro-RO\"},{\"@type\":\"ImageObject\",\"@id\":\"https:\/\/seltronic.ro\/advertising\/seltronic-avertising-solutions-despre-compania-noastra\/#primaryimage\",\"inLanguage\":\"ro-RO\",\"url\":\"https:\/\/seltronic.ro\/advertising\/wp-content\/uploads\/2014\/02\/about-us1-2.jpg\",\"contentUrl\":\"https:\/\/seltronic.ro\/advertising\/wp-content\/uploads\/2014\/02\/about-us1-2.jpg\",\"width\":653,\"height\":334},{\"@type\":\"WebPage\",\"@id\":\"https:\/\/seltronic.ro\/advertising\/seltronic-avertising-solutions-despre-compania-noastra\/#webpage\",\"url\":\"https:\/\/seltronic.ro\/advertising\/seltronic-avertising-solutions-despre-compania-noastra\/\",\"name\":\"Despre noi - Seltronic Advertising Solutions\",\"isPartOf\":{\"@id\":\"https:\/\/seltronic.ro\/advertising\/#website\"},\"primaryImageOfPage\":{\"@id\":\"https:\/\/seltronic.ro\/advertising\/seltronic-avertising-solutions-despre-compania-noastra\/#primaryimage\"},\"datePublished\":\"2014-02-18T14:17:37+00:00\",\"dateModified\":\"2015-04-09T12:36:13+00:00\",\"description\":\"Despre noi - Seltronic Advertising Solutions\",\"breadcrumb\":{\"@id\":\"https:\/\/seltronic.ro\/advertising\/seltronic-avertising-solutions-despre-compania-noastra\/#breadcrumb\"},\"inLanguage\":\"ro-RO\",\"potentialAction\":[{\"@type\":\"ReadAction\",\"target\":[\"https:\/\/seltronic.ro\/advertising\/seltronic-avertising-solutions-despre-compania-noastra\/\"]}]},{\"@type\":\"BreadcrumbList\",\"@id\":\"https:\/\/seltronic.ro\/advertising\/seltronic-avertising-solutions-despre-compania-noastra\/#breadcrumb\",\"itemListElement\":[{\"@type\":\"ListItem\",\"position\":1,\"name\":\"Home\",\"item\":\"https:\/\/seltronic.ro\/advertising\/\"},{\"@type\":\"ListItem\",\"position\":2,\"name\":\"Despre noi\"}]}]}<\/script>\n<!-- \/ Yoast SEO plugin. -->","yoast_head_json":{"title":"Despre noi - Seltronic Advertising Solutions","description":"Despre noi - Seltronic Advertising Solutions","robots":{"index":"index","follow":"follow","max-snippet":"max-snippet:-1","max-image-preview":"max-image-preview:large","max-video-preview":"max-video-preview:-1"},"canonical":"https:\/\/seltronic.ro\/advertising\/seltronic-avertising-solutions-despre-compania-noastra\/","og_locale":"ro_RO","og_type":"article","og_title":"Despre noi - Seltronic Advertising Solutions","og_description":"Despre noi - Seltronic Advertising Solutions","og_url":"https:\/\/seltronic.ro\/advertising\/seltronic-avertising-solutions-despre-compania-noastra\/","og_site_name":"Seltronic Advertising Solutions","article_modified_time":"2015-04-09T12:36:13+00:00","og_image":[{"width":653,"height":334,"url":"https:\/\/seltronic.ro\/advertising\/wp-content\/uploads\/2014\/02\/about-us1-2.jpg","type":"image\/jpeg"}],"twitter_misc":{"Timp estimat pentru citire":"2 minute"},"schema":{"@context":"https:\/\/schema.org","@graph":[{"@type":"WebSite","@id":"https:\/\/seltronic.ro\/advertising\/#website","url":"https:\/\/seltronic.ro\/advertising\/","name":"Seltronic Advertising Solutions","description":"","potentialAction":[{"@type":"SearchAction","target":{"@type":"EntryPoint","urlTemplate":"https:\/\/seltronic.ro\/advertising\/?s={search_term_string}"},"query-input":"required name=search_term_string"}],"inLanguage":"ro-RO"},{"@type":"ImageObject","@id":"https:\/\/seltronic.ro\/advertising\/seltronic-avertising-solutions-despre-compania-noastra\/#primaryimage","inLanguage":"ro-RO","url":"https:\/\/seltronic.ro\/advertising\/wp-content\/uploads\/2014\/02\/about-us1-2.jpg","contentUrl":"https:\/\/seltronic.ro\/advertising\/wp-content\/uploads\/2014\/02\/about-us1-2.jpg","width":653,"height":334},{"@type":"WebPage","@id":"https:\/\/seltronic.ro\/advertising\/seltronic-avertising-solutions-despre-compania-noastra\/#webpage","url":"https:\/\/seltronic.ro\/advertising\/seltronic-avertising-solutions-despre-compania-noastra\/","name":"Despre noi - Seltronic Advertising Solutions","isPartOf":{"@id":"https:\/\/seltronic.ro\/advertising\/#website"},"primaryImageOfPage":{"@id":"https:\/\/seltronic.ro\/advertising\/seltronic-avertising-solutions-despre-compania-noastra\/#primaryimage"},"datePublished":"2014-02-18T14:17:37+00:00","dateModified":"2015-04-09T12:36:13+00:00","description":"Despre noi - Seltronic Advertising Solutions","breadcrumb":{"@id":"https:\/\/seltronic.ro\/advertising\/seltronic-avertising-solutions-despre-compania-noastra\/#breadcrumb"},"inLanguage":"ro-RO","potentialAction":[{"@type":"ReadAction","target":["https:\/\/seltronic.ro\/advertising\/seltronic-avertising-solutions-despre-compania-noastra\/"]}]},{"@type":"BreadcrumbList","@id":"https:\/\/seltronic.ro\/advertising\/seltronic-avertising-solutions-despre-compania-noastra\/#breadcrumb","itemListElement":[{"@type":"ListItem","position":1,"name":"Home","item":"https:\/\/seltronic.ro\/advertising\/"},{"@type":"ListItem","position":2,"name":"Despre noi"}]}]}},"_links":{"self":[{"href":"https:\/\/seltronic.ro\/advertising\/wp-json\/wp\/v2\/pages\/7"}],"collection":[{"href":"https:\/\/seltronic.ro\/advertising\/wp-json\/wp\/v2\/pages"}],"about":[{"href":"https:\/\/seltronic.ro\/advertising\/wp-json\/wp\/v2\/types\/page"}],"author":[{"embeddable":true,"href":"https:\/\/seltronic.ro\/advertising\/wp-json\/wp\/v2\/users\/1"}],"replies":[{"embeddable":true,"href":"https:\/\/seltronic.ro\/advertising\/wp-json\/wp\/v2\/comments?post=7"}],"version-history":[{"count":138,"href":"https:\/\/seltronic.ro\/advertising\/wp-json\/wp\/v2\/pages\/7\/revisions"}],"predecessor-version":[{"id":2600,"href":"https:\/\/seltronic.ro\/advertising\/wp-json\/wp\/v2\/pages\/7\/revisions\/2600"}],"wp:featuredmedia":[{"embeddable":true,"href":"https:\/\/seltronic.ro\/advertising\/wp-json\/wp\/v2\/media\/1079"}],"wp:attachment":[{"href":"https:\/\/seltronic.ro\/advertising\/wp-json\/wp\/v2\/media?parent=7"}],"curies":[{"name":"wp","href":"https:\/\/api.w.org\/{rel}","templated":true}]}}